{"id":1601,"date":"2023-01-23T04:59:26","date_gmt":"2023-01-23T04:59:26","guid":{"rendered":"https:\/\/transmed.combizim-hikayemiz\/"},"modified":"2025-01-23T08:01:40","modified_gmt":"2025-01-23T08:01:40","slug":"bizim-hikayemiz","status":"publish","type":"page","link":"https:\/\/transmed.com\/tr\/bizim-hikayemiz\/","title":{"rendered":"Hikayemiz"},"content":{"rendered":"<div data-olk-copy-source=\"MessageBody\">\n<p><span data-olk-copy-source=\"MessageBody\">Transmed, merkezi Dubai, Birle\u015fik Arap Emirlikleri&#8217;nde bulunan bir da\u011f\u0131t\u0131m \u015firketidir. Transmed, 1943 y\u0131l\u0131nda L\u00fcbnan&#8217;\u0131n Beyrut Merkez b\u00f6lgesinde Es-Said, Angelopolo ve Khattar aileleri taraf\u0131ndan kurulmu\u015ftur. Transmed, Levant, K\u00f6rfez, Afrika ve Avrupa&#8217;da bir\u00e7ok uluslararas\u0131 \u015firketi temsil eden en b\u00fcy\u00fck ve en h\u0131zl\u0131 b\u00fcy\u00fcyen FMCG (H\u0131zl\u0131 T\u00fcketim Mallar\u0131) distrib\u00fct\u00f6rlerinden biridir. Ki\u015fisel bak\u0131m, ev bak\u0131m \u00fcr\u00fcnleri, oyuncaklar, ev d\u0131\u015f\u0131 t\u00fcketim, spor ve sa\u011fl\u0131k \u00fcr\u00fcnleri, evcil hayvan yeme\u011fi ve bak\u0131m \u00fcr\u00fcnlerini i\u00e7eren geni\u015f bir \u00fcr\u00fcn yelpazesi satmaktad\u0131r. Farkl\u0131 co\u011frafyalara yay\u0131lan \u015firketimiz, L\u00fcbnan\u2019\u0131n yan\u0131 s\u0131ra Birle\u015fik Arap Emirlikleri, Suudi Arabistan, Fildi\u015fi Sahili, Nijerya, Gana, \u00dcrd\u00fcn, Fas, T\u00fcrkiye, Almanya, \u0130ngiltere dahil olmak \u00fczere 12 \u00fclkede 40\u2019tan fazla da\u011f\u0131t\u0131m merkezine sahiptir.<\/span><\/p>\n<p>&nbsp;<\/p>\n<p>Transmed, k\u00fcresel kaynakl\u0131 FMCG ve ev d\u0131\u015f\u0131 t\u00fcketim \u00fcr\u00fcnlerinin da\u011f\u0131t\u0131m\u0131nda uzmanla\u015fm\u0131\u015ft\u0131r. De\u011fer zincirinin t\u00fcm basamaklar\u0131n\u0131 kapsar: lojistik, sat\u0131\u015f, promosyon, m\u00fc\u015fteri y\u00f6netimi, pazarlama ve ma\u011faza i\u00e7i d\u00fczenleme gibi hizmetler sunar. Transmed, P&amp;G, Mars, Clorox, Kellogg\u2019s, Walkers, Duracell, \u00dclker, Danone, Mattel, Mondelez International, Bahlsen, Ferrero, Dr. Oetker, Perfetti, Lotus ve bir\u00e7ok di\u011fer k\u00fcresel FMCG \u015firketini farkl\u0131 pazarlarda temsil etmektedir.<\/p>\n<\/div>\n","protected":false},"excerpt":{"rendered":"<p>Transmed, merkezi Dubai, Birle\u015fik Arap Emirlikleri&#8217;nde bulunan bir da\u011f\u0131t\u0131m \u015firketidir. Transmed, 1943 y\u0131l\u0131nda L\u00fcbnan&#8217;\u0131n Beyrut Merkez b\u00f6lgesinde Es-Said, Angelopolo ve Khattar aileleri taraf\u0131ndan kurulmu\u015ftur. Transmed, Levant, K\u00f6rfez, Afrika ve Avrupa&#8217;da bir\u00e7ok uluslararas\u0131 \u015firketi temsil eden en b\u00fcy\u00fck ve en h\u0131zl\u0131 b\u00fcy\u00fcyen FMCG (H\u0131zl\u0131 T\u00fcketim Mallar\u0131) distrib\u00fct\u00f6rlerinden biridir. Ki\u015fisel bak\u0131m, ev bak\u0131m \u00fcr\u00fcnleri, oyuncaklar, ev d\u0131\u015f\u0131 [&hellip;]<\/p>\n","protected":false},"author":1,"featured_media":0,"parent":0,"menu_order":0,"comment_status":"closed","ping_status":"closed","template":"about.php","meta":{"_acf_changed":false,"inline_featured_image":false,"footnotes":""},"class_list":["post-1601","page","type-page","status-publish","hentry"],"acf":[],"_links":{"self":[{"href":"https:\/\/transmed.com\/tr\/wp-json\/wp\/v2\/pages\/1601","targetHints":{"allow":["GET"]}}],"collection":[{"href":"https:\/\/transmed.com\/tr\/wp-json\/wp\/v2\/pages"}],"about":[{"href":"https:\/\/transmed.com\/tr\/wp-json\/wp\/v2\/types\/page"}],"author":[{"embeddable":true,"href":"https:\/\/transmed.com\/tr\/wp-json\/wp\/v2\/users\/1"}],"replies":[{"embeddable":true,"href":"https:\/\/transmed.com\/tr\/wp-json\/wp\/v2\/comments?post=1601"}],"version-history":[{"count":21,"href":"https:\/\/transmed.com\/tr\/wp-json\/wp\/v2\/pages\/1601\/revisions"}],"predecessor-version":[{"id":14584,"href":"https:\/\/transmed.com\/tr\/wp-json\/wp\/v2\/pages\/1601\/revisions\/14584"}],"wp:attachment":[{"href":"https:\/\/transmed.com\/tr\/wp-json\/wp\/v2\/media?parent=1601"}],"curies":[{"name":"wp","href":"https:\/\/api.w.org\/{rel}","templated":true}]}}