{"id":1567,"date":"2023-01-16T05:37:03","date_gmt":"2023-01-16T05:37:03","guid":{"rendered":"https:\/\/transmed.comyemek-servisi\/"},"modified":"2024-08-29T11:54:12","modified_gmt":"2024-08-29T11:54:12","slug":"yemek-servisi","status":"publish","type":"page","link":"https:\/\/transmed.com\/tr\/yemek-servisi\/","title":{"rendered":"Ev D\u0131\u015f\u0131 T\u00fcketim"},"content":{"rendered":"","protected":false},"excerpt":{"rendered":"","protected":false},"author":1,"featured_media":0,"parent":0,"menu_order":0,"comment_status":"closed","ping_status":"closed","template":"food-services.php","meta":{"_acf_changed":false,"inline_featured_image":false,"footnotes":""},"class_list":["post-1567","page","type-page","status-publish","hentry"],"acf":[],"_links":{"self":[{"href":"https:\/\/transmed.com\/tr\/wp-json\/wp\/v2\/pages\/1567","targetHints":{"allow":["GET"]}}],"collection":[{"href":"https:\/\/transmed.com\/tr\/wp-json\/wp\/v2\/pages"}],"about":[{"href":"https:\/\/transmed.com\/tr\/wp-json\/wp\/v2\/types\/page"}],"author":[{"embeddable":true,"href":"https:\/\/transmed.com\/tr\/wp-json\/wp\/v2\/users\/1"}],"replies":[{"embeddable":true,"href":"https:\/\/transmed.com\/tr\/wp-json\/wp\/v2\/comments?post=1567"}],"version-history":[{"count":20,"href":"https:\/\/transmed.com\/tr\/wp-json\/wp\/v2\/pages\/1567\/revisions"}],"predecessor-version":[{"id":11449,"href":"https:\/\/transmed.com\/tr\/wp-json\/wp\/v2\/pages\/1567\/revisions\/11449"}],"wp:attachment":[{"href":"https:\/\/transmed.com\/tr\/wp-json\/wp\/v2\/media?parent=1567"}],"curies":[{"name":"wp","href":"https:\/\/api.w.org\/{rel}","templated":true}]}}