{"id":1525,"date":"2023-01-12T07:02:53","date_gmt":"2023-01-12T07:02:53","guid":{"rendered":"https:\/\/transmed.commarkalar-ve-ortaklar\/"},"modified":"2024-07-24T17:13:19","modified_gmt":"2024-07-24T17:13:19","slug":"markalar-ve-ortaklar","status":"publish","type":"page","link":"https:\/\/transmed.com\/tr\/markalar-ve-ortaklar\/","title":{"rendered":"Markalar ve \u0130\u015f Ortaklar\u0131"},"content":{"rendered":"","protected":false},"excerpt":{"rendered":"","protected":false},"author":1,"featured_media":0,"parent":0,"menu_order":0,"comment_status":"closed","ping_status":"closed","template":"our-brands.php","meta":{"_acf_changed":false,"inline_featured_image":false,"footnotes":""},"class_list":["post-1525","page","type-page","status-publish","hentry"],"acf":[],"_links":{"self":[{"href":"https:\/\/transmed.com\/tr\/wp-json\/wp\/v2\/pages\/1525","targetHints":{"allow":["GET"]}}],"collection":[{"href":"https:\/\/transmed.com\/tr\/wp-json\/wp\/v2\/pages"}],"about":[{"href":"https:\/\/transmed.com\/tr\/wp-json\/wp\/v2\/types\/page"}],"author":[{"embeddable":true,"href":"https:\/\/transmed.com\/tr\/wp-json\/wp\/v2\/users\/1"}],"replies":[{"embeddable":true,"href":"https:\/\/transmed.com\/tr\/wp-json\/wp\/v2\/comments?post=1525"}],"version-history":[{"count":6,"href":"https:\/\/transmed.com\/tr\/wp-json\/wp\/v2\/pages\/1525\/revisions"}],"predecessor-version":[{"id":11419,"href":"https:\/\/transmed.com\/tr\/wp-json\/wp\/v2\/pages\/1525\/revisions\/11419"}],"wp:attachment":[{"href":"https:\/\/transmed.com\/tr\/wp-json\/wp\/v2\/media?parent=1525"}],"curies":[{"name":"wp","href":"https:\/\/api.w.org\/{rel}","templated":true}]}}